{"id":534,"date":"2021-01-15T08:42:55","date_gmt":"2021-01-15T08:42:55","guid":{"rendered":"http:\/\/pomonipremana.tlmservice.it\/?page_id=534"},"modified":"2021-09-08T13:03:06","modified_gmt":"2021-09-08T13:03:06","slug":"porte-2-2","status":"publish","type":"page","link":"https:\/\/pomoni-premana.it\/?page_id=534","title":{"rendered":"PORTE."},"content":{"rendered":"\t\t<div data-elementor-type=\"wp-page\" data-elementor-id=\"534\" class=\"elementor elementor-534\" data-elementor-settings=\"[]\">\n\t\t\t\t\t\t<div class=\"elementor-inner\">\n\t\t\t\t\t\t\t<div class=\"elementor-section-wrap\">\n\t\t\t\t\t\t\t<section class=\"elementor-section elementor-top-section elementor-element elementor-element-58bf90a elementor-section-boxed elementor-section-height-default elementor-section-height-default\" data-id=\"58bf90a\" data-element_type=\"section\">\n\t\t\t\t\t\t<div class=\"elementor-container elementor-column-gap-default\">\n\t\t\t\t\t\t\t<div class=\"elementor-row\">\n\t\t\t\t\t<div class=\"elementor-column elementor-col-100 elementor-top-column elementor-element elementor-element-79c5b5c\" data-id=\"79c5b5c\" data-element_type=\"column\">\n\t\t\t<div class=\"elementor-column-wrap elementor-element-populated\">\n\t\t\t\t\t\t\t<div class=\"elementor-widget-wrap\">\n\t\t\t\t\t\t<div class=\"elementor-element elementor-element-1ba7927 elementor-widget-divider--view-line_icon elementor-view-default elementor-widget-divider--element-align-center elementor-widget elementor-widget-divider\" data-id=\"1ba7927\" data-element_type=\"widget\" data-widget_type=\"divider.default\">\n\t\t\t\t<div class=\"elementor-widget-container\">\n\t\t\t\t\t<div class=\"elementor-divider\">\n\t\t\t<span class=\"elementor-divider-separator\">\n\t\t\t\t\t\t\t<div class=\"elementor-icon elementor-divider__element\">\n\t\t\t\t\t<i aria-hidden=\"true\" class=\"fas fa-circle\"><\/i><\/div>\n\t\t\t\t\t\t<\/span>\n\t\t<\/div>\n\t\t\t\t<\/div>\n\t\t\t\t<\/div>\n\t\t\t\t\t\t<\/div>\n\t\t\t\t\t<\/div>\n\t\t<\/div>\n\t\t\t\t\t\t\t\t<\/div>\n\t\t\t\t\t<\/div>\n\t\t<\/section>\n\t\t\t\t<section class=\"elementor-section elementor-top-section elementor-element elementor-element-64b9534 elementor-section-boxed elementor-section-height-default elementor-section-height-default\" data-id=\"64b9534\" data-element_type=\"section\">\n\t\t\t\t\t\t<div class=\"elementor-container elementor-column-gap-default\">\n\t\t\t\t\t\t\t<div class=\"elementor-row\">\n\t\t\t\t\t<div class=\"elementor-column elementor-col-100 elementor-top-column elementor-element elementor-element-62e6c33\" data-id=\"62e6c33\" data-element_type=\"column\">\n\t\t\t<div class=\"elementor-column-wrap elementor-element-populated\">\n\t\t\t\t\t\t\t<div class=\"elementor-widget-wrap\">\n\t\t\t\t\t\t<div class=\"elementor-element elementor-element-8980c71 elementor-widget elementor-widget-spacer\" data-id=\"8980c71\" data-element_type=\"widget\" data-widget_type=\"spacer.default\">\n\t\t\t\t<div class=\"elementor-widget-container\">\n\t\t\t\t\t<div class=\"elementor-spacer\">\n\t\t\t<div class=\"elementor-spacer-inner\"><\/div>\n\t\t<\/div>\n\t\t\t\t<\/div>\n\t\t\t\t<\/div>\n\t\t\t\t\t\t<\/div>\n\t\t\t\t\t<\/div>\n\t\t<\/div>\n\t\t\t\t\t\t\t\t<\/div>\n\t\t\t\t\t<\/div>\n\t\t<\/section>\n\t\t\t\t<section class=\"elementor-section elementor-top-section elementor-element elementor-element-e26429f elementor-section-boxed elementor-section-height-default elementor-section-height-default\" data-id=\"e26429f\" data-element_type=\"section\">\n\t\t\t\t\t\t<div class=\"elementor-container elementor-column-gap-default\">\n\t\t\t\t\t\t\t<div class=\"elementor-row\">\n\t\t\t\t\t<div class=\"elementor-column elementor-col-100 elementor-top-column elementor-element elementor-element-9b07af5\" data-id=\"9b07af5\" data-element_type=\"column\">\n\t\t\t<div class=\"elementor-column-wrap elementor-element-populated\">\n\t\t\t\t\t\t\t<div class=\"elementor-widget-wrap\">\n\t\t\t\t\t\t<div class=\"elementor-element elementor-element-7262de1 elementor-widget elementor-widget-text-editor\" data-id=\"7262de1\" data-element_type=\"widget\" data-widget_type=\"text-editor.default\">\n\t\t\t\t<div class=\"elementor-widget-container\">\n\t\t\t\t\t\t\t\t<div class=\"elementor-text-editor elementor-clearfix\">\n\t\t\t\t<p>Anni d&#8217;esperienza, ricerche e studi ci hanno permesso di proporre porte interne e portoncini d&#8217;entrata all&#8217;avanguardia. Utilizzando le pi\u00f9 moderne tecnologie per far fronte ad un mercato sempre pi\u00f9 esigente, ci presentiamo alla clientela con una vasta gamma di modelli, soluzioni ed essenze che rendono i ns. prodotti sicuramente attraenti. L&#8217;accurata scelta dei materiali, la qualit\u00e0 della verniciatura, la precisione nell&#8217;assemblaggio garantiscono l&#8217;idoneit\u00e0 a durare nel tempo in ogni situazione ambientale. Una visita presso il nostro laboratorio vi aiuter\u00e0 a scegliere quella che pi\u00f9 gradirete, che si accompagana al vs. ambiente e gusto.<\/p>\t\t\t\t\t<\/div>\n\t\t\t\t\t\t<\/div>\n\t\t\t\t<\/div>\n\t\t\t\t\t\t<\/div>\n\t\t\t\t\t<\/div>\n\t\t<\/div>\n\t\t\t\t\t\t\t\t<\/div>\n\t\t\t\t\t<\/div>\n\t\t<\/section>\n\t\t\t\t<section class=\"elementor-section elementor-top-section elementor-element elementor-element-f8fcec1 elementor-section-boxed elementor-section-height-default elementor-section-height-default\" data-id=\"f8fcec1\" data-element_type=\"section\">\n\t\t\t\t\t\t<div class=\"elementor-container elementor-column-gap-default\">\n\t\t\t\t\t\t\t<div class=\"elementor-row\">\n\t\t\t\t\t<div class=\"elementor-column elementor-col-100 elementor-top-column elementor-element elementor-element-296926b\" data-id=\"296926b\" data-element_type=\"column\">\n\t\t\t<div class=\"elementor-column-wrap elementor-element-populated\">\n\t\t\t\t\t\t\t<div class=\"elementor-widget-wrap\">\n\t\t\t\t\t\t<div class=\"elementor-element elementor-element-d802801 elementor-widget elementor-widget-spacer\" data-id=\"d802801\" data-element_type=\"widget\" data-widget_type=\"spacer.default\">\n\t\t\t\t<div class=\"elementor-widget-container\">\n\t\t\t\t\t<div class=\"elementor-spacer\">\n\t\t\t<div class=\"elementor-spacer-inner\"><\/div>\n\t\t<\/div>\n\t\t\t\t<\/div>\n\t\t\t\t<\/div>\n\t\t\t\t\t\t<\/div>\n\t\t\t\t\t<\/div>\n\t\t<\/div>\n\t\t\t\t\t\t\t\t<\/div>\n\t\t\t\t\t<\/div>\n\t\t<\/section>\n\t\t\t\t<section class=\"elementor-section elementor-top-section elementor-element elementor-element-046a0fd elementor-section-boxed elementor-section-height-default elementor-section-height-default\" data-id=\"046a0fd\" data-element_type=\"section\">\n\t\t\t\t\t\t<div class=\"elementor-container elementor-column-gap-default\">\n\t\t\t\t\t\t\t<div class=\"elementor-row\">\n\t\t\t\t\t<div class=\"elementor-column elementor-col-33 elementor-top-column elementor-element elementor-element-cce7377\" data-id=\"cce7377\" data-element_type=\"column\">\n\t\t\t<div class=\"elementor-column-wrap elementor-element-populated\">\n\t\t\t\t\t\t\t<div class=\"elementor-widget-wrap\">\n\t\t\t\t\t\t<div class=\"elementor-element elementor-element-dacc5ee elementor-widget elementor-widget-heading\" data-id=\"dacc5ee\" data-element_type=\"widget\" data-widget_type=\"heading.default\">\n\t\t\t\t<div class=\"elementor-widget-container\">\n\t\t\t<h4 class=\"elementor-heading-title elementor-size-default\">PORTE INTERNE<\/h4>\t\t<\/div>\n\t\t\t\t<\/div>\n\t\t\t\t<div class=\"elementor-element elementor-element-56b56fd elementor-widget elementor-widget-image\" data-id=\"56b56fd\" data-element_type=\"widget\" data-widget_type=\"image.default\">\n\t\t\t\t<div class=\"elementor-widget-container\">\n\t\t\t\t\t\t\t\t<div class=\"elementor-image\">\n\t\t\t\t\t\t\t\t\t\t\t\t<img loading=\"lazy\" decoding=\"async\" width=\"400\" height=\"200\" src=\"https:\/\/pomoni-premana.it\/wp-content\/uploads\/2021\/01\/p.interne.jpg\" class=\"attachment-medium_large size-medium_large\" alt=\"\" srcset=\"https:\/\/pomoni-premana.it\/wp-content\/uploads\/2021\/01\/p.interne.jpg 400w, https:\/\/pomoni-premana.it\/wp-content\/uploads\/2021\/01\/p.interne-300x150.jpg 300w\" sizes=\"auto, (max-width: 400px) 100vw, 400px\" \/>\t\t\t\t\t\t\t\t\t\t\t\t\t\t<\/div>\n\t\t\t\t\t\t<\/div>\n\t\t\t\t<\/div>\n\t\t\t\t<div class=\"elementor-element elementor-element-fd30b48 elementor-widget elementor-widget-text-editor\" data-id=\"fd30b48\" data-element_type=\"widget\" data-widget_type=\"text-editor.default\">\n\t\t\t\t<div class=\"elementor-widget-container\">\n\t\t\t\t\t\t\t\t<div class=\"elementor-text-editor elementor-clearfix\">\n\t\t\t\t<p><span style=\"color: var( --e-global-color-text ); font-family: var( --e-global-typography-text-font-family ), Sans-serif; font-weight: var( --e-global-typography-text-font-weight ); background-color: var(--global--color-background); font-size: var(--global--font-size-base);\">La porta, liscia o lavorata, \u00e8 un elemento d&#8217;arredo importante in ogni ambiente. Si spazia dal classico modello chiuso a quelli vetrati, dall&#8217;arte povera a tinte laccate pi\u00f9 chiare e fresche. Nell&#8217;infinit\u00e0 dei modelli e delle essenze che vi possiamo offrire troverete sicuramente quella che pi\u00f9 si adatta alle vs. esigenze. Alla mancanza di spazio facciamo fronte con l&#8217;installazione di porte pieghevoli oppure scorrevoli, ottenendo un ottimo risultato di eleganza e praticit\u00e0. Con la possibilit\u00e0 di personalizzare le porte con vetrate artistiche, cristalli molati o vetri dipinti a mano renderete la vs. casa unica e ancora pi\u00f9 accogliente. Create per arredare pensando ad un design sempre in evoluzione, qualsiasi modello da voi scelto sar\u00e0 in ogni caso sempre attuale.<\/span><\/p>\t\t\t\t\t<\/div>\n\t\t\t\t\t\t<\/div>\n\t\t\t\t<\/div>\n\t\t\t\t<div class=\"elementor-element elementor-element-56ad168 elementor-align-center elementor-widget elementor-widget-button\" data-id=\"56ad168\" data-element_type=\"widget\" data-widget_type=\"button.default\">\n\t\t\t\t<div class=\"elementor-widget-container\">\n\t\t\t\t\t<div class=\"elementor-button-wrapper\">\n\t\t\t<a href=\"https:\/\/pomoni-premana.it\/?page_id=101\" class=\"elementor-button-link elementor-button elementor-size-sm\" role=\"button\">\n\t\t\t\t\t\t<span class=\"elementor-button-content-wrapper\">\n\t\t\t\t\t\t<span class=\"elementor-button-text\">VISUALIZZA<\/span>\n\t\t<\/span>\n\t\t\t\t\t<\/a>\n\t\t<\/div>\n\t\t\t\t<\/div>\n\t\t\t\t<\/div>\n\t\t\t\t\t\t<\/div>\n\t\t\t\t\t<\/div>\n\t\t<\/div>\n\t\t\t\t<div class=\"elementor-column elementor-col-33 elementor-top-column elementor-element elementor-element-c7b7bbc\" data-id=\"c7b7bbc\" data-element_type=\"column\">\n\t\t\t<div class=\"elementor-column-wrap elementor-element-populated\">\n\t\t\t\t\t\t\t<div class=\"elementor-widget-wrap\">\n\t\t\t\t\t\t<div class=\"elementor-element elementor-element-0555367 elementor-widget elementor-widget-heading\" data-id=\"0555367\" data-element_type=\"widget\" data-widget_type=\"heading.default\">\n\t\t\t\t<div class=\"elementor-widget-container\">\n\t\t\t<h4 class=\"elementor-heading-title elementor-size-default\">PORTE BLINDATE<\/h4>\t\t<\/div>\n\t\t\t\t<\/div>\n\t\t\t\t<div class=\"elementor-element elementor-element-81e590d elementor-widget elementor-widget-image\" data-id=\"81e590d\" data-element_type=\"widget\" data-widget_type=\"image.default\">\n\t\t\t\t<div class=\"elementor-widget-container\">\n\t\t\t\t\t\t\t\t<div class=\"elementor-image\">\n\t\t\t\t\t\t\t\t\t\t\t\t<img loading=\"lazy\" decoding=\"async\" width=\"400\" height=\"200\" src=\"https:\/\/pomoni-premana.it\/wp-content\/uploads\/2021\/01\/p.blindate.jpg\" class=\"attachment-medium_large size-medium_large\" alt=\"\" srcset=\"https:\/\/pomoni-premana.it\/wp-content\/uploads\/2021\/01\/p.blindate.jpg 400w, https:\/\/pomoni-premana.it\/wp-content\/uploads\/2021\/01\/p.blindate-300x150.jpg 300w\" sizes=\"auto, (max-width: 400px) 100vw, 400px\" \/>\t\t\t\t\t\t\t\t\t\t\t\t\t\t<\/div>\n\t\t\t\t\t\t<\/div>\n\t\t\t\t<\/div>\n\t\t\t\t<div class=\"elementor-element elementor-element-458122e elementor-widget elementor-widget-text-editor\" data-id=\"458122e\" data-element_type=\"widget\" data-widget_type=\"text-editor.default\">\n\t\t\t\t<div class=\"elementor-widget-container\">\n\t\t\t\t\t\t\t\t<div class=\"elementor-text-editor elementor-clearfix\">\n\t\t\t\t<p>Le porte blindate che Vi offriamo fanno parte della gamma DIERRE. Ogni porta \u00e8 un vero e proprio sistema di sicurezza composto da quattro elementi base: la struttura, la chiusura, le finiture e i complementi. A seconda del modo in cui questi quattro elementi sono abbinati fra loro, nascono le numerose famiglie della gamma, diverse per il livello di protezione che offrono e per il sistema di chiusura impiegato. Una volta individuata la struttura e il tipo di chiusura preferito, baster\u00e0 scorrere l&#8217;elenco delle finiture e degli accessori disponibili per personalizzare la Vs. nuova porta.<\/p>\t\t\t\t\t<\/div>\n\t\t\t\t\t\t<\/div>\n\t\t\t\t<\/div>\n\t\t\t\t<div class=\"elementor-element elementor-element-ec82903 elementor-align-center elementor-widget elementor-widget-button\" data-id=\"ec82903\" data-element_type=\"widget\" data-widget_type=\"button.default\">\n\t\t\t\t<div class=\"elementor-widget-container\">\n\t\t\t\t\t<div class=\"elementor-button-wrapper\">\n\t\t\t<a href=\"https:\/\/pomoni-premana.it\/?page_id=174\" class=\"elementor-button-link elementor-button elementor-size-sm\" role=\"button\">\n\t\t\t\t\t\t<span class=\"elementor-button-content-wrapper\">\n\t\t\t\t\t\t<span class=\"elementor-button-text\">VISUALIZZA<\/span>\n\t\t<\/span>\n\t\t\t\t\t<\/a>\n\t\t<\/div>\n\t\t\t\t<\/div>\n\t\t\t\t<\/div>\n\t\t\t\t\t\t<\/div>\n\t\t\t\t\t<\/div>\n\t\t<\/div>\n\t\t\t\t<div class=\"elementor-column elementor-col-33 elementor-top-column elementor-element elementor-element-008c3c2\" data-id=\"008c3c2\" data-element_type=\"column\">\n\t\t\t<div class=\"elementor-column-wrap elementor-element-populated\">\n\t\t\t\t\t\t\t<div class=\"elementor-widget-wrap\">\n\t\t\t\t\t\t<div class=\"elementor-element elementor-element-57db2c0 elementor-widget elementor-widget-heading\" data-id=\"57db2c0\" data-element_type=\"widget\" data-widget_type=\"heading.default\">\n\t\t\t\t<div class=\"elementor-widget-container\">\n\t\t\t<h4 class=\"elementor-heading-title elementor-size-default\">PORTONCINI<\/h4>\t\t<\/div>\n\t\t\t\t<\/div>\n\t\t\t\t<div class=\"elementor-element elementor-element-b67091b elementor-widget elementor-widget-image\" data-id=\"b67091b\" data-element_type=\"widget\" data-widget_type=\"image.default\">\n\t\t\t\t<div class=\"elementor-widget-container\">\n\t\t\t\t\t\t\t\t<div class=\"elementor-image\">\n\t\t\t\t\t\t\t\t\t\t\t\t<img loading=\"lazy\" decoding=\"async\" width=\"300\" height=\"180\" src=\"https:\/\/pomoni-premana.it\/wp-content\/uploads\/2021\/01\/portoncini-300x180.jpg\" class=\"attachment-medium size-medium\" alt=\"\" srcset=\"https:\/\/pomoni-premana.it\/wp-content\/uploads\/2021\/01\/portoncini-300x180.jpg 300w, https:\/\/pomoni-premana.it\/wp-content\/uploads\/2021\/01\/portoncini.jpg 500w\" sizes=\"auto, (max-width: 300px) 100vw, 300px\" \/>\t\t\t\t\t\t\t\t\t\t\t\t\t\t<\/div>\n\t\t\t\t\t\t<\/div>\n\t\t\t\t<\/div>\n\t\t\t\t<div class=\"elementor-element elementor-element-daef916 elementor-widget elementor-widget-text-editor\" data-id=\"daef916\" data-element_type=\"widget\" data-widget_type=\"text-editor.default\">\n\t\t\t\t<div class=\"elementor-widget-container\">\n\t\t\t\t\t\t\t\t<div class=\"elementor-text-editor elementor-clearfix\">\n\t\t\t\t<p>Dove la sicurezza e l&#8217;estetica la fanno da padrone. Nella vasta scelta di modelli che Vi proponiamo troverete sicuramente quello che state cercando, ma se avete in mente qualche cosa di particolare, lo possiamo realizzare. Sia che vengano prodotti in mogano lamellare, rovere, abete oppure con moderni materiali come pvc o alluminio, le finiture di produzione ed installazione sono accurate e ci permettono di consegnare un indiscutibile prodotto che soddisfer\u00e0 sicuramente le vs. attese. La scelta della ferramenta si \u00e8 soffermata su serrature e chiusure offerte dai migliori produttori europei, capaci di offrire soluzioni sempre al passo con i tempi, in modo da poter garantire alla vostra casa una maggiore sicurezza<\/p>\t\t\t\t\t<\/div>\n\t\t\t\t\t\t<\/div>\n\t\t\t\t<\/div>\n\t\t\t\t<div class=\"elementor-element elementor-element-3b8c296 elementor-align-center elementor-widget elementor-widget-button\" data-id=\"3b8c296\" data-element_type=\"widget\" data-widget_type=\"button.default\">\n\t\t\t\t<div class=\"elementor-widget-container\">\n\t\t\t\t\t<div class=\"elementor-button-wrapper\">\n\t\t\t<a href=\"https:\/\/pomoni-premana.it\/?page_id=134\" class=\"elementor-button-link elementor-button elementor-size-sm\" role=\"button\">\n\t\t\t\t\t\t<span class=\"elementor-button-content-wrapper\">\n\t\t\t\t\t\t<span class=\"elementor-button-text\">VISUALIZZA<\/span>\n\t\t<\/span>\n\t\t\t\t\t<\/a>\n\t\t<\/div>\n\t\t\t\t<\/div>\n\t\t\t\t<\/div>\n\t\t\t\t\t\t<\/div>\n\t\t\t\t\t<\/div>\n\t\t<\/div>\n\t\t\t\t\t\t\t\t<\/div>\n\t\t\t\t\t<\/div>\n\t\t<\/section>\n\t\t\t\t<section class=\"elementor-section elementor-top-section elementor-element elementor-element-868b6a1 elementor-section-boxed elementor-section-height-default elementor-section-height-default\" data-id=\"868b6a1\" data-element_type=\"section\">\n\t\t\t\t\t\t<div class=\"elementor-container elementor-column-gap-default\">\n\t\t\t\t\t\t\t<div class=\"elementor-row\">\n\t\t\t\t\t<div class=\"elementor-column elementor-col-100 elementor-top-column elementor-element elementor-element-ec2ca62\" data-id=\"ec2ca62\" data-element_type=\"column\">\n\t\t\t<div class=\"elementor-column-wrap elementor-element-populated\">\n\t\t\t\t\t\t\t<div class=\"elementor-widget-wrap\">\n\t\t\t\t\t\t<div class=\"elementor-element elementor-element-a34fd59 elementor-widget elementor-widget-spacer\" data-id=\"a34fd59\" data-element_type=\"widget\" data-widget_type=\"spacer.default\">\n\t\t\t\t<div class=\"elementor-widget-container\">\n\t\t\t\t\t<div class=\"elementor-spacer\">\n\t\t\t<div class=\"elementor-spacer-inner\"><\/div>\n\t\t<\/div>\n\t\t\t\t<\/div>\n\t\t\t\t<\/div>\n\t\t\t\t\t\t<\/div>\n\t\t\t\t\t<\/div>\n\t\t<\/div>\n\t\t\t\t\t\t\t\t<\/div>\n\t\t\t\t\t<\/div>\n\t\t<\/section>\n\t\t\t\t<section class=\"elementor-section elementor-top-section elementor-element elementor-element-316f948 elementor-section-boxed elementor-section-height-default elementor-section-height-default\" data-id=\"316f948\" data-element_type=\"section\">\n\t\t\t\t\t\t<div class=\"elementor-container elementor-column-gap-default\">\n\t\t\t\t\t\t\t<div class=\"elementor-row\">\n\t\t\t\t\t<div class=\"elementor-column elementor-col-100 elementor-top-column elementor-element elementor-element-b02881d\" data-id=\"b02881d\" data-element_type=\"column\">\n\t\t\t<div class=\"elementor-column-wrap elementor-element-populated\">\n\t\t\t\t\t\t\t<div class=\"elementor-widget-wrap\">\n\t\t\t\t\t\t<div class=\"elementor-element elementor-element-0918351 elementor-widget-divider--view-line_icon elementor-view-default elementor-widget-divider--element-align-center elementor-widget elementor-widget-divider\" data-id=\"0918351\" data-element_type=\"widget\" data-widget_type=\"divider.default\">\n\t\t\t\t<div class=\"elementor-widget-container\">\n\t\t\t\t\t<div class=\"elementor-divider\">\n\t\t\t<span class=\"elementor-divider-separator\">\n\t\t\t\t\t\t\t<div class=\"elementor-icon elementor-divider__element\">\n\t\t\t\t\t<i aria-hidden=\"true\" class=\"fas fa-circle\"><\/i><\/div>\n\t\t\t\t\t\t<\/span>\n\t\t<\/div>\n\t\t\t\t<\/div>\n\t\t\t\t<\/div>\n\t\t\t\t\t\t<\/div>\n\t\t\t\t\t<\/div>\n\t\t<\/div>\n\t\t\t\t\t\t\t\t<\/div>\n\t\t\t\t\t<\/div>\n\t\t<\/section>\n\t\t\t\t<footer class=\"elementor-section elementor-top-section elementor-element elementor-element-9fd3bd7 elementor-section-boxed elementor-section-height-default elementor-section-height-default\" data-id=\"9fd3bd7\" data-element_type=\"section\" data-settings=\"{&quot;background_background&quot;:&quot;classic&quot;}\">\n\t\t\t\t\t\t<div class=\"elementor-container elementor-column-gap-default\">\n\t\t\t\t\t\t\t<div class=\"elementor-row\">\n\t\t\t\t\t<div class=\"elementor-column elementor-col-100 elementor-top-column elementor-element elementor-element-be6194c\" data-id=\"be6194c\" data-element_type=\"column\">\n\t\t\t<div class=\"elementor-column-wrap elementor-element-populated\">\n\t\t\t\t\t\t\t<div class=\"elementor-widget-wrap\">\n\t\t\t\t\t\t<div class=\"elementor-element elementor-element-0171f44 elementor-widget elementor-widget-text-editor\" data-id=\"0171f44\" data-element_type=\"widget\" data-widget_type=\"text-editor.default\">\n\t\t\t\t<div class=\"elementor-widget-container\">\n\t\t\t\t\t\t\t\t<div class=\"elementor-text-editor elementor-clearfix\">\n\t\t\t\t<h3>DETRAZIONE FISCALE 50%<\/h3><p>L&#8217;opportunit\u00e0 che aspettavi: sostituire i vecchi infissi praticamente a costo zero DETRAZIONE FISCALE 50%.<\/p><p>Con la sostituzione dei serramenti avrai perci\u00f2 un doppio risparmio: risparmierai sulla bolletta del riscaldamento e avrai anche un risparmio fiscale.<\/p>\t\t\t\t\t<\/div>\n\t\t\t\t\t\t<\/div>\n\t\t\t\t<\/div>\n\t\t\t\t\t\t<\/div>\n\t\t\t\t\t<\/div>\n\t\t<\/div>\n\t\t\t\t\t\t\t\t<\/div>\n\t\t\t\t\t<\/div>\n\t\t<\/footer>\n\t\t\t\t\t\t<\/div>\n\t\t\t\t\t\t<\/div>\n\t\t\t\t\t<\/div>\n\t\t","protected":false},"excerpt":{"rendered":"<p>Anni d&#8217;esperienza, ricerche e studi ci hanno permesso di proporre porte interne e portoncini d&#8217;entrata all&#8217;avanguardia. Utilizzando le pi\u00f9 moderne tecnologie per far fronte ad un mercato sempre pi\u00f9 esigente, ci presentiamo alla clientela con una vasta gamma di modelli, soluzioni ed essenze che rendono i ns. prodotti sicuramente attraenti. L&#8217;accurata scelta dei materiali, la&hellip;&nbsp;<a href=\"https:\/\/pomoni-premana.it\/?page_id=534\" class=\"\" rel=\"bookmark\">Leggi tutto &raquo;<span class=\"screen-reader-text\">PORTE.<\/span><\/a><\/p>\n","protected":false},"author":1,"featured_media":0,"parent":0,"menu_order":0,"comment_status":"closed","ping_status":"closed","template":"elementor_header_footer","meta":{"neve_meta_sidebar":"","neve_meta_container":"","neve_meta_enable_content_width":"","neve_meta_content_width":0,"neve_meta_title_alignment":"","neve_meta_author_avatar":"","neve_post_elements_order":"","neve_meta_disable_header":"","neve_meta_disable_footer":"","neve_meta_disable_title":"","footnotes":""},"class_list":["post-534","page","type-page","status-publish","hentry"],"_links":{"self":[{"href":"https:\/\/pomoni-premana.it\/index.php?rest_route=\/wp\/v2\/pages\/534","targetHints":{"allow":["GET"]}}],"collection":[{"href":"https:\/\/pomoni-premana.it\/index.php?rest_route=\/wp\/v2\/pages"}],"about":[{"href":"https:\/\/pomoni-premana.it\/index.php?rest_route=\/wp\/v2\/types\/page"}],"author":[{"embeddable":true,"href":"https:\/\/pomoni-premana.it\/index.php?rest_route=\/wp\/v2\/users\/1"}],"replies":[{"embeddable":true,"href":"https:\/\/pomoni-premana.it\/index.php?rest_route=%2Fwp%2Fv2%2Fcomments&post=534"}],"version-history":[{"count":26,"href":"https:\/\/pomoni-premana.it\/index.php?rest_route=\/wp\/v2\/pages\/534\/revisions"}],"predecessor-version":[{"id":674,"href":"https:\/\/pomoni-premana.it\/index.php?rest_route=\/wp\/v2\/pages\/534\/revisions\/674"}],"wp:attachment":[{"href":"https:\/\/pomoni-premana.it\/index.php?rest_route=%2Fwp%2Fv2%2Fmedia&parent=534"}],"curies":[{"name":"wp","href":"https:\/\/api.w.org\/{rel}","templated":true}]}}