{"id":575,"date":"2021-01-15T09:12:30","date_gmt":"2021-01-15T09:12:30","guid":{"rendered":"http:\/\/pomonipremana.tlmservice.it\/?page_id=575"},"modified":"2021-01-15T10:10:01","modified_gmt":"2021-01-15T10:10:01","slug":"copyright","status":"publish","type":"page","link":"https:\/\/pomoni-premana.it\/?page_id=575","title":{"rendered":"Copyright"},"content":{"rendered":"\t\t<div data-elementor-type=\"wp-page\" data-elementor-id=\"575\" class=\"elementor elementor-575\" data-elementor-settings=\"[]\">\n\t\t\t\t\t\t<div class=\"elementor-inner\">\n\t\t\t\t\t\t\t<div class=\"elementor-section-wrap\">\n\t\t\t\t\t\t\t<section class=\"elementor-section elementor-top-section elementor-element elementor-element-0c73792 elementor-section-boxed elementor-section-height-default elementor-section-height-default\" data-id=\"0c73792\" data-element_type=\"section\">\n\t\t\t\t\t\t<div class=\"elementor-container elementor-column-gap-default\">\n\t\t\t\t\t\t\t<div class=\"elementor-row\">\n\t\t\t\t\t<div class=\"elementor-column elementor-col-100 elementor-top-column elementor-element elementor-element-e236f87\" data-id=\"e236f87\" data-element_type=\"column\">\n\t\t\t<div class=\"elementor-column-wrap elementor-element-populated\">\n\t\t\t\t\t\t\t<div class=\"elementor-widget-wrap\">\n\t\t\t\t\t\t<div class=\"elementor-element elementor-element-a783ba9 elementor-widget-divider--view-line_icon elementor-view-default elementor-widget-divider--element-align-center elementor-widget elementor-widget-divider\" data-id=\"a783ba9\" data-element_type=\"widget\" data-widget_type=\"divider.default\">\n\t\t\t\t<div class=\"elementor-widget-container\">\n\t\t\t\t\t<div class=\"elementor-divider\">\n\t\t\t<span class=\"elementor-divider-separator\">\n\t\t\t\t\t\t\t<div class=\"elementor-icon elementor-divider__element\">\n\t\t\t\t\t<i aria-hidden=\"true\" class=\"fas fa-circle\"><\/i><\/div>\n\t\t\t\t\t\t<\/span>\n\t\t<\/div>\n\t\t\t\t<\/div>\n\t\t\t\t<\/div>\n\t\t\t\t\t\t<\/div>\n\t\t\t\t\t<\/div>\n\t\t<\/div>\n\t\t\t\t\t\t\t\t<\/div>\n\t\t\t\t\t<\/div>\n\t\t<\/section>\n\t\t\t\t<section class=\"elementor-section elementor-top-section elementor-element elementor-element-7e2ffe6 elementor-section-boxed elementor-section-height-default elementor-section-height-default\" data-id=\"7e2ffe6\" data-element_type=\"section\">\n\t\t\t\t\t\t<div class=\"elementor-container elementor-column-gap-default\">\n\t\t\t\t\t\t\t<div class=\"elementor-row\">\n\t\t\t\t\t<div class=\"elementor-column elementor-col-100 elementor-top-column elementor-element elementor-element-cf3d5ee\" data-id=\"cf3d5ee\" data-element_type=\"column\">\n\t\t\t<div class=\"elementor-column-wrap elementor-element-populated\">\n\t\t\t\t\t\t\t<div class=\"elementor-widget-wrap\">\n\t\t\t\t\t\t<div class=\"elementor-element elementor-element-defec4d elementor-widget elementor-widget-spacer\" data-id=\"defec4d\" data-element_type=\"widget\" data-widget_type=\"spacer.default\">\n\t\t\t\t<div class=\"elementor-widget-container\">\n\t\t\t\t\t<div class=\"elementor-spacer\">\n\t\t\t<div class=\"elementor-spacer-inner\"><\/div>\n\t\t<\/div>\n\t\t\t\t<\/div>\n\t\t\t\t<\/div>\n\t\t\t\t\t\t<\/div>\n\t\t\t\t\t<\/div>\n\t\t<\/div>\n\t\t\t\t\t\t\t\t<\/div>\n\t\t\t\t\t<\/div>\n\t\t<\/section>\n\t\t\t\t<section class=\"elementor-section elementor-top-section elementor-element elementor-element-3db6c8f elementor-section-boxed elementor-section-height-default elementor-section-height-default\" data-id=\"3db6c8f\" data-element_type=\"section\">\n\t\t\t\t\t\t<div class=\"elementor-container elementor-column-gap-default\">\n\t\t\t\t\t\t\t<div class=\"elementor-row\">\n\t\t\t\t\t<div class=\"elementor-column elementor-col-100 elementor-top-column elementor-element elementor-element-a2c25fb\" data-id=\"a2c25fb\" data-element_type=\"column\">\n\t\t\t<div class=\"elementor-column-wrap elementor-element-populated\">\n\t\t\t\t\t\t\t<div class=\"elementor-widget-wrap\">\n\t\t\t\t\t\t<div class=\"elementor-element elementor-element-67b45cc elementor-widget elementor-widget-heading\" data-id=\"67b45cc\" data-element_type=\"widget\" data-widget_type=\"heading.default\">\n\t\t\t\t<div class=\"elementor-widget-container\">\n\t\t\t<h4 class=\"elementor-heading-title elementor-size-default\">Informativa sul trattamento dei dati personali <br>ai sensi degli art. 13 e 14 del Regolamento UE 679\/2016<\/h4>\t\t<\/div>\n\t\t\t\t<\/div>\n\t\t\t\t<div class=\"elementor-element elementor-element-d21d3fd elementor-widget elementor-widget-text-editor\" data-id=\"d21d3fd\" data-element_type=\"widget\" data-widget_type=\"text-editor.default\">\n\t\t\t\t<div class=\"elementor-widget-container\">\n\t\t\t\t\t\t\t\t<div class=\"elementor-text-editor elementor-clearfix\">\n\t\t\t\t<p>Con la presente La informiamo che, ai sensi degli art. 13 e 14 del Regolamento UE 679\/2016 (di seguito \u2018GDPR\u2019), i Suoi dati a noi conferiti attraverso l\u2019utilizzo del sito web <strong><em>www.pomoni-premana.it<\/em><\/strong> (di seguito, anche solo \u201cSito\u201d) saranno trattati come segue, nel rispetto dei principi di correttezza, liceit\u00e0, trasparenza e di tutela della Sua riservatezza e dei Suoi diritti. La presente informativa fornisce all\u2019utente (Interessato al trattamento) ogni ulteriore informazione necessaria ad assicurare un trattamento corretto e trasparente, in relazione al contesto specifico in cui i dati personali sono raccolti e successivamente trattati.<\/p><p>La presente informativa e\u0300 resa solo per il Sito e i sottodomini ad esso correlati e non anche per i siti web di terze parti accessibili tramite collegamenti ipertestuali (link) contenuti nel Sito, di cui il Titolare del trattamento non e\u0300 in alcun modo responsabile. Per tali trattamenti dovr\u00e0 essere fornita, da parte dei rispettivi Titolari, autonoma informativa.<\/p>\t\t\t\t\t<\/div>\n\t\t\t\t\t\t<\/div>\n\t\t\t\t<\/div>\n\t\t\t\t<div class=\"elementor-element elementor-element-0a79379 elementor-widget elementor-widget-text-editor\" data-id=\"0a79379\" data-element_type=\"widget\" data-widget_type=\"text-editor.default\">\n\t\t\t\t<div class=\"elementor-widget-container\">\n\t\t\t\t\t\t\t\t<div class=\"elementor-text-editor elementor-clearfix\">\n\t\t\t\t<table><tbody><tr><td width=\"130\"><p><strong>Titolare del Trattamento<\/strong><\/p><p>(chi decide come e perch\u00e9 i Suoi dati sono trattati)<\/p><\/td><td width=\"558\"><p>Il Titolare del trattamento \u00e8 <strong>POMONI VITO &amp; C. snc<\/strong><\/p><p><strong>VIA Giabbio sn \u2013 23834 Premana (LC) <\/strong><\/p><p><strong>Telefono: 0341-890330\u00a0 <\/strong><\/p><p><strong>e-mail: info@pomoni-premana.it<\/strong><\/p><p>\u00a0<\/p><\/td><\/tr><tr><td rowspan=\"3\" width=\"130\"><p><strong>Finalit\u00e0 del trattamento<\/strong><\/p><p>(qual \u00e8 lo scopo del trattamento dei dati)<\/p><\/td><td width=\"558\"><p>1.\u00a0\u00a0 monitorare il funzionamento tecnico e le prestazioni del sito, permettere l\u2019assistenza tecnica e la manutenzione e, in generale, le attivit\u00e0\u0300 strumentali ad assicurare il buon funzionamento del Sito<\/p><\/td><\/tr><tr><td width=\"558\"><p>2.\u00a0\u00a0 ottenere informazioni statistiche anonime sull&#8217;uso dei servizi (pagine pi\u00f9 visitate, numero di visitatori per fascia oraria o giornaliera, aree geografiche di provenienza, ecc\u2026)<\/p><\/td><\/tr><tr><td width=\"558\"><p>3.\u00a0\u00a0 rispondere alle richieste inviate mediante mail agli indirizzi di contatto<\/p><\/td><\/tr><tr><td width=\"130\"><p><strong>Base giuridica del trattamento<\/strong><\/p><\/td><td width=\"558\"><p>Il Titolare tratta i Suoi dati di navigazione anonimi al fine di monitorare il funzionamento tecnico e le prestazioni del sito, per capire come migliorare i servizi e farli evolvere. Tali dati sono necessari a garantire l\u2019erogazione del sito (finalit\u00e0 1 e 2).<\/p><p>L&#8217;invio facoltativo, esplicito e volontario di messaggi agli indirizzi di contatto presenti sul Sito, comportano l&#8217;acquisizione dei dati di contatto del mittente, necessari a rispondere\/gestire le richieste, nonch\u00e9 di tutti i dati personali inclusi nelle comunicazioni (finalit\u00e0 3)<\/p><\/td><\/tr><tr><td width=\"130\"><p><strong>Destinatari<\/strong><\/p><p>(Soggetti ai quali potranno essere comunicati i dati)<\/p><\/td><td width=\"558\"><p>Oltre al Titolare potrebbero avere accesso ai Dati altri soggetti coinvolti nell\u2019organizzazione (personale incaricato) ovvero soggetti esterni (fornitori di servizi tecnici terzi, hosting provider) nominati anche, se necessario, Responsabili del Trattamento da parte del Titolare. L\u2019elenco aggiornato dei Responsabili potr\u00e0 sempre essere richiesto al Titolare del Trattamento.<\/p><\/td><\/tr><tr><td width=\"130\"><p><strong>Diffusione <\/strong><\/p><\/td><td width=\"558\"><p>In alcun caso i dati personali saranno comunicati, diffusi, ceduti o comunque trasferiti a terzi per scopi illeciti e, comunque, senza rendere idonea informativa agli Interessati e acquisirne il consenso, ove richiesto dalla legge. Resta salva l\u2019eventuale comunicazione dei dati su richiesta dell\u2019autorit\u00e0\u0300 giudiziaria o di pubblica sicurezza, nei modi e nei casi previsti dalla legge.<\/p><\/td><\/tr><tr><td width=\"130\"><p><strong>Modalit\u00e0 del trattamento<\/strong><\/p><\/td><td width=\"558\"><p>Il trattamento sar\u00e0\u0300 effettuato mediante strumenti cartacei e\/o informatici, anche a mezzo di soggetti a ci\u00f2\u0300 autorizzati, che operano sotto la diretta autorit\u00e0\u0300 e secondo le istruzioni impartite dal Titolare, con logiche strettamente correlate alle finalit\u00e0\u0300 indicate e, comunque, in modo da garantire la sicurezza e la riservatezza dei dati trattati.<\/p><p>\u00a0<\/p><p>Le operazioni di trattamento sono svolte in modo da garantire la sicurezza dei dati e dei sistemi. Sono adottate specifiche misure di sicurezza al fine di ridurre al minimo i rischi di distruzione o di perdita, anche accidentale, dei dati stessi, di accesso non autorizzato, di trattamento non consentito o non conforme rispetto alle finalit\u00e0\u0300 indicate nella presente informativa. In particolare, il Sito utilizza il protocollo HTTPS per l\u2019autenticazione del server e la cifratura del canale di comunicazione. Le misure di sicurezza adottate, tuttavia, non consentono di escludere in via assoluta i rischi di intercettazione o compromissione dei dati personali trasmessi con strumenti telematici. Si raccomanda, pertanto, di verificare che il dispositivo in uso all\u2019utente sia dotato di sistemi software adeguati per la protezione della trasmissione telematica di dati, sia in entrata, che in uscita (come, ad esempio, sistemi antivirus aggiornati, firewall e filtri antispam).<\/p><\/td><\/tr><tr><td width=\"130\"><p><strong>Trasferimento dati all\u2019estero<\/strong><\/p><\/td><td width=\"558\"><p>I dati personali non saranno trasferiti all\u2019estero, verso Paesi o Organizzazioni internazionali non appartenenti all\u2019Unione Europea che non garantiscono un livello di protezione adeguato, riconosciuto, ai sensi dell\u2019art. 45 GDPR, sulla base di una decisione di adeguatezza della Commissione UE. Nel caso in cui si renda necessario per l\u2019erogazione dei servizi del Sito, il trasferimento dei dati personali verso Paesi o Organizzazioni internazionali extra UE, per cui la Commissione non abbia adottato alcuna decisione di adeguatezza ai sensi dell\u2019art. 45 GDPR, avra\u0300 luogo solo in presenza di garanzie adeguate fornite dal Paese o dall\u2019Organizzazione destinatari, ai sensi dell\u2019art. 46 GDPR e a condizione che gli interessati dispongano di diritti azionabili e mezzi di ricorso effettivi. In mancanza di una decisione di adeguatezza della Commissione, ai sensi dell\u2019art. 45 GDPR, o di garanzie adeguate, ai sensi dell\u2019art. 46 GDPR, comprese le norme vincolanti d\u2019impresa, il trasferimento transfrontaliero avra\u0300 luogo soltanto se si verifica una delle condizioni indicate all\u2019art. 49 GDPR.<\/p><\/td><\/tr><tr><td width=\"130\"><p><strong>Categorie dei dati e Periodo di conservazione<\/strong><\/p><\/td><td width=\"558\"><p>I dati trattati possono essere:<\/p><p>a) Dati di navigazione<\/p><p>I dati di navigazione, raccolti con modalit\u00e0\u0300 automatiche, esclusivamente al fine di ottenere informazioni statistiche aggregate e rese anonime relative all\u2019uso del Sito (tra cui, a titolo esemplificativo, indirizzi IP, orari di navigazione, dati geografici e altri parametri relativi al sistema operativo e all\u2019ambiente informatico dell\u2019utente); tali informazioni potrebbero tuttavia, anche attraverso elaborazioni e\/o associazioni con altri dati, detenuti dal provider o da terzi, consentire di risalire all\u2019identit\u00e0\u0300 dell\u2019utente; i dati di navigazione non vengono, ne\u0301 verranno in nessun caso utilizzati dal Titolare per compiere attivit\u00e0\u0300 di profilazione dell\u2019utente ne\u0301 saranno diffusi o comunicati a terzi;<\/p><p>b) Cookie<\/p><p>Il presente sito utilizza cookies o marcatori, che tecnicamente sono pacchetti di informazioni inviate da un web server (in questo caso, dal presente sito) al browser dell\u2019utente e da quest\u2019ultimo memorizzati sul proprio dispositivo (personal computer, tablet, cellulare, ecc.) e rinviati automaticamente al server ad ogni successivo accesso al sito. Per conoscere tipologia e finalit\u00e0 dei cookie utilizzati \u00e8 possibile consultare l\u2019apposita Cookie Policy presente sul sito.<\/p><p>c) Dati forniti volontariamente dagli utenti\/visitatori<\/p><p>Qualora collegandosi a questo sito decider\u00e0, laddove previsto, di inviare i suoi dati personali (per esempio: nome, cognome, indirizzo email) per effettuare richieste via posta elettronica, il Titolare tratter\u00e0 tali dati per rispondere alla Sua richiesta, in conformit\u00e0 con la presente informativa. I dati forniti dall\u2019utente potranno essere acquisiti e memorizzati dal Titolare, in forma elettronica, per le finalit\u00e0\u0300 connesse alla loro raccolta tramite il Sito e non verranno utilizzati per attivit\u00e0\u0300 di profilazione o di marketing diretto. L\u2019invio, facoltativo e volontario, di messaggi di posta elettronica agli indirizzi indicati sul Sito, in particolare, comporta l\u2019acquisizione e il conseguente trattamento dell\u2019indirizzo del mittente e degli eventuali altri dati personali presenti nel messaggio, nella misura necessaria a fornire riscontro alle richieste dell\u2019Interessato.<\/p><p>\u00a0<\/p><p>I dati oggetto di trattamento saranno conservati per un periodo di tempo non superiore a quello necessario a conseguire gli scopi per i quali essi sono stati raccolti o successivamente trattati.<\/p><\/td><\/tr><tr><td width=\"130\"><p><strong>Diritti <\/strong><\/p><\/td><td width=\"558\"><p>Gli Interessati possono esercitare determinati diritti con riferimento ai Dati trattati dal Titolare. In particolare, Lei ha il diritto di:<\/p><p><strong>accedere ai propri Dati:<\/strong> ha diritto ad ottenere informazioni sui Dati trattati dal Titolare, su determinati aspetti del trattamento ed a ricevere una copia dei Dati trattati.<\/p><p><strong>verificare e chiedere la rettificazione:<\/strong> pu\u00f2 verificare la correttezza dei propri Dati e richiederne l\u2019aggiornamento o la correzione.<\/p><p><strong>ottenere la cancellazione o rimozione dei propri Dati Personali:<\/strong> quando ricorrono determinate condizioni, Lei pu\u00f2 richiedere la cancellazione dei propri Dati da parte del Titolare.<\/p><p><strong>revocare il consenso in ogni momento<\/strong>: pu\u00f2 revocare il consenso al trattamento dei propri Dati Personali precedentemente espresso.<\/p><p><strong>opporsi al trattamento dei propri Dati<\/strong>: pu\u00f2 opporsi al trattamento dei propri Dati quando esso avviene su una base giuridica diversa dal consenso.<\/p><p><strong>ottenere la limitazione del trattamento:<\/strong> quando ricorrono determinate condizioni, Lei pu\u00f2 richiedere la limitazione del trattamento dei propri Dati.<\/p><p><strong>ottenere la portabilit\u00e0 dei dati:<\/strong> ha diritto di ricevere i propri Dati in formato strutturato, di uso comune e leggibile da dispositivo automatico e, ove tecnicamente fattibile, di ottenerne il trasferimento senza ostacoli ad un altro titolare. Questa disposizione \u00e8 applicabile quando i Dati sono trattati con strumenti automatizzati ed il trattamento \u00e8 basato sul consenso, su un contratto di cui Lei \u00e8 parte o su misure contrattuali ad esso connesse.<\/p><p><strong>proporre reclamo:<\/strong> pu\u00f2 proporre un reclamo all\u2019autorit\u00e0 di controllo della protezione dei dati personali competente o agire in sede giudiziale.<\/p><p>\u00a0<\/p><p><strong>Dettagli sul diritto di opposizione<\/strong><\/p><p>Quando i Dati Personali sono trattati nell\u2019interesse pubblico, nell\u2019esercizio di pubblici poteri di cui \u00e8 investito il Titolare oppure per perseguire un interesse legittimo del Titolare, Lei ha diritto ad opporsi al trattamento per motivi connessi alla Sua situazione particolare.<\/p><p>Si fa presente che, ove i Suoi Dati fossero trattati con finalit\u00e0 di marketing diretto, pu\u00f2 opporsi al trattamento senza fornire alcuna motivazione.<\/p><p><strong>Come esercitare i diritti<\/strong><\/p><p>Per esercitare i Suoi diritti, pu\u00f2 indirizzare una richiesta agli estremi di contatto del Titolare indicati in questo documento. Le richieste sono depositate a titolo gratuito ed evase dal Titolare nel pi\u00f9 breve tempo possibile, in ogni caso entro un mese.<\/p><p>L\u2019Interessato puo\u0300 avvalersi, per l\u2019esercizio dei suoi diritti, di organismi, organizzazioni o associazioni senza scopo di lucro, i cui obiettivi statutari siano di pubblico interesse e che siano attivi nel settore della protezione dei diritti e delle liberta\u0300 degli Interessati con riguardo alla protezione dei dati personali, conferendo, a tal fine, idoneo mandato. L\u2019Interessato puo\u0300, altresi\u0300, farsi assistere da una persona di fiducia.<\/p><p>Per conoscere i propri diritti, proporre un reclamo\/segnalazione\/ricorso ed essere sempre aggiornato sulla normativa in materia di tutela delle persone rispetto al trattamento dei dati personali, l\u2019Interessato puo\u0300 rivolgersi all\u2019Autorita\u0300 Garante per la protezione dei dati personali, consultando il sito web all\u2019indirizzo http:\/\/www.garanteprivacy.it\/.<\/p><\/td><\/tr><\/tbody><\/table>\t\t\t\t\t<\/div>\n\t\t\t\t\t\t<\/div>\n\t\t\t\t<\/div>\n\t\t\t\t\t\t<\/div>\n\t\t\t\t\t<\/div>\n\t\t<\/div>\n\t\t\t\t\t\t\t\t<\/div>\n\t\t\t\t\t<\/div>\n\t\t<\/section>\n\t\t\t\t<section class=\"elementor-section elementor-top-section elementor-element elementor-element-d73d62a elementor-section-boxed elementor-section-height-default elementor-section-height-default\" data-id=\"d73d62a\" data-element_type=\"section\">\n\t\t\t\t\t\t<div class=\"elementor-container elementor-column-gap-default\">\n\t\t\t\t\t\t\t<div class=\"elementor-row\">\n\t\t\t\t\t<div class=\"elementor-column elementor-col-100 elementor-top-column elementor-element elementor-element-d9127e7\" data-id=\"d9127e7\" data-element_type=\"column\">\n\t\t\t<div class=\"elementor-column-wrap elementor-element-populated\">\n\t\t\t\t\t\t\t<div class=\"elementor-widget-wrap\">\n\t\t\t\t\t\t<div class=\"elementor-element elementor-element-22f8785 elementor-widget elementor-widget-spacer\" data-id=\"22f8785\" data-element_type=\"widget\" data-widget_type=\"spacer.default\">\n\t\t\t\t<div class=\"elementor-widget-container\">\n\t\t\t\t\t<div class=\"elementor-spacer\">\n\t\t\t<div class=\"elementor-spacer-inner\"><\/div>\n\t\t<\/div>\n\t\t\t\t<\/div>\n\t\t\t\t<\/div>\n\t\t\t\t\t\t<\/div>\n\t\t\t\t\t<\/div>\n\t\t<\/div>\n\t\t\t\t\t\t\t\t<\/div>\n\t\t\t\t\t<\/div>\n\t\t<\/section>\n\t\t\t\t<section class=\"elementor-section elementor-top-section elementor-element elementor-element-18732e7 elementor-section-boxed elementor-section-height-default elementor-section-height-default\" data-id=\"18732e7\" data-element_type=\"section\">\n\t\t\t\t\t\t<div class=\"elementor-container elementor-column-gap-default\">\n\t\t\t\t\t\t\t<div class=\"elementor-row\">\n\t\t\t\t\t<div class=\"elementor-column elementor-col-100 elementor-top-column elementor-element elementor-element-059e3f3\" data-id=\"059e3f3\" data-element_type=\"column\">\n\t\t\t<div class=\"elementor-column-wrap elementor-element-populated\">\n\t\t\t\t\t\t\t<div class=\"elementor-widget-wrap\">\n\t\t\t\t\t\t<div class=\"elementor-element elementor-element-7765aed elementor-widget-divider--view-line_icon elementor-view-default elementor-widget-divider--element-align-center elementor-widget elementor-widget-divider\" data-id=\"7765aed\" data-element_type=\"widget\" data-widget_type=\"divider.default\">\n\t\t\t\t<div class=\"elementor-widget-container\">\n\t\t\t\t\t<div class=\"elementor-divider\">\n\t\t\t<span class=\"elementor-divider-separator\">\n\t\t\t\t\t\t\t<div class=\"elementor-icon elementor-divider__element\">\n\t\t\t\t\t<i aria-hidden=\"true\" class=\"fas fa-circle\"><\/i><\/div>\n\t\t\t\t\t\t<\/span>\n\t\t<\/div>\n\t\t\t\t<\/div>\n\t\t\t\t<\/div>\n\t\t\t\t\t\t<\/div>\n\t\t\t\t\t<\/div>\n\t\t<\/div>\n\t\t\t\t\t\t\t\t<\/div>\n\t\t\t\t\t<\/div>\n\t\t<\/section>\n\t\t\t\t\t\t<\/div>\n\t\t\t\t\t\t<\/div>\n\t\t\t\t\t<\/div>\n\t\t","protected":false},"excerpt":{"rendered":"<p>Informativa sul trattamento dei dati personali ai sensi degli art. 13 e 14 del Regolamento UE 679\/2016 Con la presente La informiamo che, ai sensi degli art. 13 e 14 del Regolamento UE 679\/2016 (di seguito \u2018GDPR\u2019), i Suoi dati a noi conferiti attraverso l\u2019utilizzo del sito web www.pomoni-premana.it (di seguito, anche solo \u201cSito\u201d) saranno&hellip;&nbsp;<a href=\"https:\/\/pomoni-premana.it\/?page_id=575\" class=\"\" rel=\"bookmark\">Leggi tutto &raquo;<span class=\"screen-reader-text\">Copyright<\/span><\/a><\/p>\n","protected":false},"author":1,"featured_media":0,"parent":0,"menu_order":0,"comment_status":"closed","ping_status":"closed","template":"elementor_header_footer","meta":{"neve_meta_sidebar":"","neve_meta_container":"","neve_meta_enable_content_width":"","neve_meta_content_width":0,"neve_meta_title_alignment":"","neve_meta_author_avatar":"","neve_post_elements_order":"","neve_meta_disable_header":"","neve_meta_disable_footer":"","neve_meta_disable_title":"","footnotes":""},"class_list":["post-575","page","type-page","status-publish","hentry"],"_links":{"self":[{"href":"https:\/\/pomoni-premana.it\/index.php?rest_route=\/wp\/v2\/pages\/575","targetHints":{"allow":["GET"]}}],"collection":[{"href":"https:\/\/pomoni-premana.it\/index.php?rest_route=\/wp\/v2\/pages"}],"about":[{"href":"https:\/\/pomoni-premana.it\/index.php?rest_route=\/wp\/v2\/types\/page"}],"author":[{"embeddable":true,"href":"https:\/\/pomoni-premana.it\/index.php?rest_route=\/wp\/v2\/users\/1"}],"replies":[{"embeddable":true,"href":"https:\/\/pomoni-premana.it\/index.php?rest_route=%2Fwp%2Fv2%2Fcomments&post=575"}],"version-history":[{"count":13,"href":"https:\/\/pomoni-premana.it\/index.php?rest_route=\/wp\/v2\/pages\/575\/revisions"}],"predecessor-version":[{"id":590,"href":"https:\/\/pomoni-premana.it\/index.php?rest_route=\/wp\/v2\/pages\/575\/revisions\/590"}],"wp:attachment":[{"href":"https:\/\/pomoni-premana.it\/index.php?rest_route=%2Fwp%2Fv2%2Fmedia&parent=575"}],"curies":[{"name":"wp","href":"https:\/\/api.w.org\/{rel}","templated":true}]}}